{"id":292,"date":"2024-07-09T21:07:23","date_gmt":"2024-07-09T21:07:23","guid":{"rendered":"https:\/\/xn--arturohernandezparreo-vbc.es\/?page_id=292"},"modified":"2024-07-09T21:14:10","modified_gmt":"2024-07-09T21:14:10","slug":"condiciones-de-uso","status":"publish","type":"page","link":"https:\/\/xn--arturohernandezparreo-vbc.es\/en\/condiciones-de-uso\/","title":{"rendered":"Condiciones de uso"},"content":{"rendered":"<div data-elementor-type=\"wp-page\" data-elementor-id=\"292\" class=\"elementor elementor-292\">\n\t\t\t\t<div class=\"elementor-element elementor-element-5a8413f e-flex e-con-boxed e-con e-parent\" data-id=\"5a8413f\" data-element_type=\"container\" data-e-type=\"container\">\n\t\t\t\t\t<div class=\"e-con-inner\">\n\t\t\t\t<div class=\"elementor-element elementor-element-fab1b36 elementor-widget elementor-widget-heading\" data-id=\"fab1b36\" data-element_type=\"widget\" data-e-type=\"widget\" data-widget_type=\"heading.default\">\n\t\t\t\t<div class=\"elementor-widget-container\">\n\t\t\t\t\t<h1 class=\"elementor-heading-title elementor-size-default\">Condiciones de uso<\/h1>\t\t\t\t<\/div>\n\t\t\t\t<\/div>\n\t\t\t\t\t<\/div>\n\t\t\t\t<\/div>\n\t\t<div class=\"elementor-element elementor-element-95993a6 e-flex e-con-boxed e-con e-parent\" data-id=\"95993a6\" data-element_type=\"container\" data-e-type=\"container\">\n\t\t\t\t\t<div class=\"e-con-inner\">\n\t\t\t\t<div class=\"elementor-element elementor-element-7b33a87 elementor-widget elementor-widget-text-editor\" data-id=\"7b33a87\" data-element_type=\"widget\" data-e-type=\"widget\" data-widget_type=\"text-editor.default\">\n\t\t\t\t<div class=\"elementor-widget-container\">\n\t\t\t\t\t\t\t\t\tEn cumplimiento de la Ley 34\/2002, de 11 de julio, de Servicios de la Sociedad de la Informaci\u00f3n y de Comercio Electr\u00f3nico (LSSI-CE), Arturo Hern\u00e1ndez Parre\u00f1o informa que es titular del sitio web arturohernandezparre\u00f1o.es.\n<br><br>\n<h2>Usuario y r\u00e9gimen de responsabilidades<\/h2>\nLa navegaci\u00f3n, acceso y uso por el sitio web arturohernandezparre\u00f1o.es confiere la condici\u00f3n de usuario, por lo que se aceptan, desde la navegaci\u00f3n por el sitio web todas las condiciones de uso aqu\u00ed establecidas sin perjuicio de la aplicaci\u00f3n de la correspondiente normativa de obligado cumplimiento legal seg\u00fan el caso.\n\nEl sitio web de Arturo Hern\u00e1ndez Parre\u00f1o proporciona gran diversidad de informaci\u00f3n, servicios y datos. El usuario asume su responsabilidad en el uso correcto del sitio web. Esta responsabilidad se extender\u00e1 a:\n\n\u00b7 La veracidad y licitud de las informaciones aportadas por el usuario en los formularios extendidos por Arturo Hern\u00e1ndez Parre\u00f1o para el acceso a ciertos contenidos o servicios ofrecidos por el web.\n\n\u00b7 Queda restringido el uso de la informaci\u00f3n, servicios y datos ofrecidos por Arturo Hern\u00e1ndez Parre\u00f1o contrariamente a lo dispuesto por las presentes condiciones, la Ley, la moral, las buenas costumbres o el orden p\u00fablico, o que de cualquier otro modo puedan suponer lesi\u00f3n de los derechos de terceros o del mismo funcionamiento del sitio web.\n<br><br>\n<h2>Pol\u00edtica de enlaces y exenciones de responsabilidad<\/h2>\nArturo Hern\u00e1ndez Parre\u00f1o no se hace responsable del contenido de los sitios web a los que el usuario pueda acceder a trav\u00e9s de los enlaces establecidos en su sitio web y declara que en ning\u00fan caso proceder\u00e1 a examinar o ejercitar ning\u00fan tipo de control sobre el contenido de otros sitios de la red. Asimismo, tampoco garantizar\u00e1 la disponibilidad t\u00e9cnica, exactitud, veracidad, validez o legalidad de sitios ajenos a su propiedad a los que se pueda acceder por medio de los enlaces.\n\nArturo Hern\u00e1ndez Parre\u00f1o declara haber adoptado todas las medidas necesarias para evitar cualquier da\u00f1o a los usuarios de su sitio web, que pudieran derivarse de la navegaci\u00f3n por su sitio web. En consecuencia, Arturo Hern\u00e1ndez Parre\u00f1o no se hace responsable, en ning\u00fan caso, de los eventuales da\u00f1os que por la navegaci\u00f3n por Internet pudiera sufrir el usuario.\n<br><br>\n<h2>Modificaciones<\/h2>\nArturo Hern\u00e1ndez Parre\u00f1o se reserva el derecho a realizar las modificaciones que considere oportunas, sin aviso previo, en el contenido de su sitio web. Tanto en lo referente a los contenidos del sitio web, como en las condiciones de uso del mismo. Dichas modificaciones podr\u00e1n realizarse a trav\u00e9s de su sitio web por cualquier forma admisible en derecho y ser\u00e1n de obligado cumplimiento durante el tiempo en que se encuentren publicadas en la web y hasta que no sean modificadas v\u00e1lidamente por otras posteriores.\n<br><br>\n<h2>Protecci\u00f3n de datos<\/h2>\nDe conformidad con lo establecido en la normativa vigente en Protecci\u00f3n de Datos de Car\u00e1cter Personal, le informamos que sus datos ser\u00e1n incorporados al sistema de tratamiento titularidad de Arturo Hern\u00e1ndez Parre\u00f1o con la finalidad de poder facilitar, agilizar y cumplir los compromisos establecidos entre ambas partes. En cumplimiento con la normativa vigente, Arturo Hern\u00e1ndez Parre\u00f1o. informa que los datos ser\u00e1n conservados durante el plazo estrictamente necesario para cumplir con los preceptos mencionados con anterioridad.\n\nLe informamos que el tratamiento de sus datos est\u00e1 legitimado por su consentimiento y\/o la relaci\u00f3n contractual que mantenemos con usted.\n\nArturo Hern\u00e1ndez Parre\u00f1o informa que proceder\u00e1 a tratar los datos de manera l\u00edcita, leal, transparente, adecuada, pertinente, limitada, exacta y actualizada. Es por ello que Arturo Hern\u00e1ndez Parre\u00f1o se compromete a adoptar todas las medidas razonables para que estos se supriman o rectifiquen sin dilaci\u00f3n cuando sean inexactos.\n\nDe acuerdo con los derechos que le confiere el la normativa vigente en protecci\u00f3n de datos podr\u00e1 ejercer los derechos de acceso, rectificaci\u00f3n, limitaci\u00f3n de tratamiento, supresi\u00f3n, portabilidad y oposici\u00f3n al tratamiento de sus datos de car\u00e1cter personal as\u00ed como del consentimiento prestado para el tratamiento de los mismos, dirigiendo su petici\u00f3n a la direcci\u00f3n postal indicada m\u00e1s arriba o al correo electr\u00f3nico arturohernandezparreno@gmail.com\n\nPodr\u00e1 dirigirse a la Autoridad de Control competente para presentar la reclamaci\u00f3n que considere oportuna.\n<br><br>\n<h2>Certificado SSL (Secure Sockets Layer)<\/h2>\nEl CERTIFICADO SSL proporciona autenticaci\u00f3n, privacidad y seguridad de la informaci\u00f3n entre Arturo Hern\u00e1ndez Parre\u00f1o. y el usuario. Arturo Hern\u00e1ndez Parre\u00f1o dispone de un certificado de seguridad que se utiliza por CERTIFICADO SSL para realizar conexiones seguras.\n\nEn este proceso se establecen varios par\u00e1metros para realizar la conexi\u00f3n de forma segura y se establece usando llaves preestablecidas, codificando y descodificando todos los datos enviados hasta que la conexi\u00f3n sea cerrada.\n<br><br>\n<h2>Propiedad intelectual e industrial<\/h2>\nArturo Hern\u00e1ndez Parre\u00f1o por s\u00ed misma o como cesionaria, es titular de todos los derechos de propiedad intelectual e industrial de su p\u00e1gina web, as\u00ed como de los elementos contenidos en la misma (a t\u00edtulo enunciativo, im\u00e1genes, sonido, audio, v\u00eddeo, software o textos; marcas o logotipos, combinaciones de colores, estructura y dise\u00f1o, selecci\u00f3n de materiales usados, programas de ordenador necesarios para su funcionamiento, acceso y uso, etc.), titularidad de Arturo Hern\u00e1ndez Parre\u00f1o. Ser\u00e1n, por consiguiente, obras protegidas como propiedad intelectual por el ordenamiento jur\u00eddico espa\u00f1ol, si\u00e9ndoles aplicables tanto la normativa espa\u00f1ola y comunitaria en este campo, como los tratados internacionales relativos a la materia y suscritos por Espa\u00f1a.\n\nTodos los derechos reservados. En virtud de lo dispuesto en la Ley de Propiedad Intelectual, quedan expresamente prohibidas la reproducci\u00f3n, la distribuci\u00f3n y la comunicaci\u00f3n p\u00fablica, incluida su modalidad de puesta a disposici\u00f3n, de la totalidad o parte de los contenidos de esta p\u00e1gina web, con fines comerciales, en cualquier soporte y por cualquier medio t\u00e9cnico, sin la autorizaci\u00f3n de Arturo Hern\u00e1ndez Parre\u00f1o\n\nEl usuario se compromete a respetar los derechos de Propiedad Intelectual e Industrial titularidad de Arturo Hern\u00e1ndez Parre\u00f1o. Podr\u00e1 visualizar los elementos del portal e incluso imprimirlos, copiarlos y almacenarlos en el disco duro de su ordenador o en cualquier otro soporte f\u00edsico siempre y cuando sea, \u00fanica y exclusivamente, para su uso personal y privado. El usuario deber\u00e1 abstenerse de suprimir, alterar, eludir o manipular cualquier dispositivo de protecci\u00f3n o sistema de seguridad que estuviera instalado en las p\u00e1ginas de Arturo Hern\u00e1ndez Parre\u00f1o.\n<br><br>\n<h2>Acciones legales, legislaci\u00f3n aplicable y jurisdicci\u00f3n<\/h2>\nArturo Hern\u00e1ndez Parre\u00f1o se reserva, asimismo, la facultad de presentar las acciones civiles o penales que considere oportunas por la utilizaci\u00f3n indebida de su sitio web y contenidos, o por el incumplimiento de las presentes condiciones.\n\nLa relaci\u00f3n entre el usuario y el prestador se regir\u00e1 por la normativa vigente y de aplicaci\u00f3n en el territorio espa\u00f1ol. De surgir cualquier controversia las partes podr\u00e1n someter sus conflictos a arbitraje o acudir a la jurisdicci\u00f3n ordinaria cumpliendo con las normas sobre jurisdicci\u00f3n y competencia al respecto. Arturo Hern\u00e1ndez Parre\u00f1o tiene su domicilio en MADRID, Espa\u00f1a.\t\t\t\t\t\t\t\t<\/div>\n\t\t\t\t<\/div>\n\t\t\t\t\t<\/div>\n\t\t\t\t<\/div>\n\t\t\t\t<\/div>","protected":false},"excerpt":{"rendered":"<p>Condiciones de uso En cumplimiento de la Ley 34\/2002, de 11 de julio, de Servicios de la Sociedad de la Informaci\u00f3n y de Comercio Electr\u00f3nico (LSSI-CE), Arturo Hern\u00e1ndez Parre\u00f1o informa que es titular del sitio web arturohernandezparre\u00f1o.es. Usuario y r\u00e9gimen de responsabilidades La navegaci\u00f3n, acceso y uso por el sitio web arturohernandezparre\u00f1o.es confiere la condici\u00f3n&hellip;&nbsp;<a href=\"https:\/\/xn--arturohernandezparreo-vbc.es\/en\/condiciones-de-uso\/\" rel=\"bookmark\">Read More &raquo;<span class=\"screen-reader-text\">Condiciones de uso<\/span><\/a><\/p>","protected":false},"author":1,"featured_media":0,"parent":0,"menu_order":0,"comment_status":"closed","ping_status":"closed","template":"page-templates\/template-pagebuilder-full-width.php","meta":{"neve_meta_sidebar":"","neve_meta_container":"","neve_meta_enable_content_width":"","neve_meta_content_width":0,"neve_meta_title_alignment":"","neve_meta_author_avatar":"","neve_post_elements_order":"","neve_meta_disable_header":"","neve_meta_disable_footer":"","neve_meta_disable_title":"","footnotes":""},"class_list":["post-292","page","type-page","status-publish","hentry"],"yoast_head":"<!-- This site is optimized with the Yoast SEO plugin v27.5 - https:\/\/yoast.com\/product\/yoast-seo-wordpress\/ -->\n<title>Condiciones de uso - Arturo Hern\u00e1ndez Parre\u00f1o<\/title>\n<meta name=\"robots\" content=\"noindex, nofollow\" \/>\n<meta property=\"og:locale\" content=\"en_GB\" \/>\n<meta property=\"og:type\" content=\"article\" \/>\n<meta property=\"og:title\" content=\"Condiciones de uso - Arturo Hern\u00e1ndez Parre\u00f1o\" \/>\n<meta property=\"og:description\" content=\"Condiciones de uso En cumplimiento de la Ley 34\/2002, de 11 de julio, de Servicios de la Sociedad de la Informaci\u00f3n y de Comercio Electr\u00f3nico (LSSI-CE), Arturo Hern\u00e1ndez Parre\u00f1o informa que es titular del sitio web arturohernandezparre\u00f1o.es. Usuario y r\u00e9gimen de responsabilidades La navegaci\u00f3n, acceso y uso por el sitio web arturohernandezparre\u00f1o.es confiere la condici\u00f3n&hellip;&nbsp;Read More &raquo;Condiciones de uso\" \/>\n<meta property=\"og:url\" content=\"https:\/\/xn--arturohernandezparreo-vbc.es\/en\/condiciones-de-uso\/\" \/>\n<meta property=\"og:site_name\" content=\"Arturo Hern\u00e1ndez Parre\u00f1o\" \/>\n<meta property=\"article:modified_time\" content=\"2024-07-09T21:14:10+00:00\" \/>\n<meta name=\"twitter:card\" content=\"summary_large_image\" \/>\n<meta name=\"twitter:label1\" content=\"Estimated reading time\" \/>\n\t<meta name=\"twitter:data1\" content=\"6 minutes\" \/>\n<script type=\"application\/ld+json\" class=\"yoast-schema-graph\">{\"@context\":\"https:\\\/\\\/schema.org\",\"@graph\":[{\"@type\":\"WebPage\",\"@id\":\"https:\\\/\\\/xn--arturohernandezparreo-vbc.es\\\/condiciones-de-uso\\\/\",\"url\":\"https:\\\/\\\/xn--arturohernandezparreo-vbc.es\\\/condiciones-de-uso\\\/\",\"name\":\"Condiciones de uso - Arturo Hern\u00e1ndez Parre\u00f1o\",\"isPartOf\":{\"@id\":\"https:\\\/\\\/xn--arturohernandezparreo-vbc.es\\\/#website\"},\"datePublished\":\"2024-07-09T21:07:23+00:00\",\"dateModified\":\"2024-07-09T21:14:10+00:00\",\"breadcrumb\":{\"@id\":\"https:\\\/\\\/xn--arturohernandezparreo-vbc.es\\\/condiciones-de-uso\\\/#breadcrumb\"},\"inLanguage\":\"en-GB\",\"potentialAction\":[{\"@type\":\"ReadAction\",\"target\":[\"https:\\\/\\\/xn--arturohernandezparreo-vbc.es\\\/condiciones-de-uso\\\/\"]}]},{\"@type\":\"BreadcrumbList\",\"@id\":\"https:\\\/\\\/xn--arturohernandezparreo-vbc.es\\\/condiciones-de-uso\\\/#breadcrumb\",\"itemListElement\":[{\"@type\":\"ListItem\",\"position\":1,\"name\":\"Portada\",\"item\":\"https:\\\/\\\/xn--arturohernandezparreo-vbc.es\\\/\"},{\"@type\":\"ListItem\",\"position\":2,\"name\":\"Condiciones de uso\"}]},{\"@type\":\"WebSite\",\"@id\":\"https:\\\/\\\/xn--arturohernandezparreo-vbc.es\\\/#website\",\"url\":\"https:\\\/\\\/xn--arturohernandezparreo-vbc.es\\\/\",\"name\":\"Arturo Hern\u00e1ndez Parre\u00f1o\",\"description\":\"\",\"potentialAction\":[{\"@type\":\"SearchAction\",\"target\":{\"@type\":\"EntryPoint\",\"urlTemplate\":\"https:\\\/\\\/xn--arturohernandezparreo-vbc.es\\\/?s={search_term_string}\"},\"query-input\":{\"@type\":\"PropertyValueSpecification\",\"valueRequired\":true,\"valueName\":\"search_term_string\"}}],\"inLanguage\":\"en-GB\"}]}<\/script>\n<!-- \/ Yoast SEO plugin. -->","yoast_head_json":{"title":"Condiciones de uso - Arturo Hern\u00e1ndez Parre\u00f1o","robots":{"index":"noindex","follow":"nofollow"},"og_locale":"en_GB","og_type":"article","og_title":"Condiciones de uso - Arturo Hern\u00e1ndez Parre\u00f1o","og_description":"Condiciones de uso En cumplimiento de la Ley 34\/2002, de 11 de julio, de Servicios de la Sociedad de la Informaci\u00f3n y de Comercio Electr\u00f3nico (LSSI-CE), Arturo Hern\u00e1ndez Parre\u00f1o informa que es titular del sitio web arturohernandezparre\u00f1o.es. Usuario y r\u00e9gimen de responsabilidades La navegaci\u00f3n, acceso y uso por el sitio web arturohernandezparre\u00f1o.es confiere la condici\u00f3n&hellip;&nbsp;Read More &raquo;Condiciones de uso","og_url":"https:\/\/xn--arturohernandezparreo-vbc.es\/en\/condiciones-de-uso\/","og_site_name":"Arturo Hern\u00e1ndez Parre\u00f1o","article_modified_time":"2024-07-09T21:14:10+00:00","twitter_card":"summary_large_image","twitter_misc":{"Estimated reading time":"6 minutes"},"schema":{"@context":"https:\/\/schema.org","@graph":[{"@type":"WebPage","@id":"https:\/\/xn--arturohernandezparreo-vbc.es\/condiciones-de-uso\/","url":"https:\/\/xn--arturohernandezparreo-vbc.es\/condiciones-de-uso\/","name":"Condiciones de uso - Arturo Hern\u00e1ndez Parre\u00f1o","isPartOf":{"@id":"https:\/\/xn--arturohernandezparreo-vbc.es\/#website"},"datePublished":"2024-07-09T21:07:23+00:00","dateModified":"2024-07-09T21:14:10+00:00","breadcrumb":{"@id":"https:\/\/xn--arturohernandezparreo-vbc.es\/condiciones-de-uso\/#breadcrumb"},"inLanguage":"en-GB","potentialAction":[{"@type":"ReadAction","target":["https:\/\/xn--arturohernandezparreo-vbc.es\/condiciones-de-uso\/"]}]},{"@type":"BreadcrumbList","@id":"https:\/\/xn--arturohernandezparreo-vbc.es\/condiciones-de-uso\/#breadcrumb","itemListElement":[{"@type":"ListItem","position":1,"name":"Portada","item":"https:\/\/xn--arturohernandezparreo-vbc.es\/"},{"@type":"ListItem","position":2,"name":"Condiciones de uso"}]},{"@type":"WebSite","@id":"https:\/\/xn--arturohernandezparreo-vbc.es\/#website","url":"https:\/\/xn--arturohernandezparreo-vbc.es\/","name":"Arturo Hern\u00e1ndez Parre\u00f1o","description":"","potentialAction":[{"@type":"SearchAction","target":{"@type":"EntryPoint","urlTemplate":"https:\/\/xn--arturohernandezparreo-vbc.es\/?s={search_term_string}"},"query-input":{"@type":"PropertyValueSpecification","valueRequired":true,"valueName":"search_term_string"}}],"inLanguage":"en-GB"}]}},"_links":{"self":[{"href":"https:\/\/xn--arturohernandezparreo-vbc.es\/en\/wp-json\/wp\/v2\/pages\/292","targetHints":{"allow":["GET"]}}],"collection":[{"href":"https:\/\/xn--arturohernandezparreo-vbc.es\/en\/wp-json\/wp\/v2\/pages"}],"about":[{"href":"https:\/\/xn--arturohernandezparreo-vbc.es\/en\/wp-json\/wp\/v2\/types\/page"}],"author":[{"embeddable":true,"href":"https:\/\/xn--arturohernandezparreo-vbc.es\/en\/wp-json\/wp\/v2\/users\/1"}],"replies":[{"embeddable":true,"href":"https:\/\/xn--arturohernandezparreo-vbc.es\/en\/wp-json\/wp\/v2\/comments?post=292"}],"version-history":[{"count":4,"href":"https:\/\/xn--arturohernandezparreo-vbc.es\/en\/wp-json\/wp\/v2\/pages\/292\/revisions"}],"predecessor-version":[{"id":296,"href":"https:\/\/xn--arturohernandezparreo-vbc.es\/en\/wp-json\/wp\/v2\/pages\/292\/revisions\/296"}],"wp:attachment":[{"href":"https:\/\/xn--arturohernandezparreo-vbc.es\/en\/wp-json\/wp\/v2\/media?parent=292"}],"curies":[{"name":"wp","href":"https:\/\/api.w.org\/{rel}","templated":true}]}}