{"id":302,"date":"2024-07-09T21:25:01","date_gmt":"2024-07-09T21:25:01","guid":{"rendered":"https:\/\/xn--arturohernandezparreo-vbc.es\/?page_id=302"},"modified":"2024-07-09T21:28:38","modified_gmt":"2024-07-09T21:28:38","slug":"politica-de-privacidad-en-rrss","status":"publish","type":"page","link":"https:\/\/xn--arturohernandezparreo-vbc.es\/en\/politica-de-privacidad-en-rrss\/","title":{"rendered":"Pol\u00edtica de privacidad en RRSS"},"content":{"rendered":"<div data-elementor-type=\"wp-page\" data-elementor-id=\"302\" class=\"elementor elementor-302\">\n\t\t\t\t<div class=\"elementor-element elementor-element-d278fc1 e-flex e-con-boxed e-con e-parent\" data-id=\"d278fc1\" data-element_type=\"container\" data-e-type=\"container\">\n\t\t\t\t\t<div class=\"e-con-inner\">\n\t\t\t\t<div class=\"elementor-element elementor-element-201a97b elementor-widget elementor-widget-heading\" data-id=\"201a97b\" data-element_type=\"widget\" data-e-type=\"widget\" data-widget_type=\"heading.default\">\n\t\t\t\t<div class=\"elementor-widget-container\">\n\t\t\t\t\t<h2 class=\"elementor-heading-title elementor-size-default\">Pol\u00edtica de privacidad en RRSS<\/h2>\t\t\t\t<\/div>\n\t\t\t\t<\/div>\n\t\t\t\t\t<\/div>\n\t\t\t\t<\/div>\n\t\t<div class=\"elementor-element elementor-element-e583a9e e-flex e-con-boxed e-con e-parent\" data-id=\"e583a9e\" data-element_type=\"container\" data-e-type=\"container\">\n\t\t\t\t\t<div class=\"e-con-inner\">\n\t\t\t\t<div class=\"elementor-element elementor-element-c169b41 elementor-widget elementor-widget-text-editor\" data-id=\"c169b41\" data-element_type=\"widget\" data-e-type=\"widget\" data-widget_type=\"text-editor.default\">\n\t\t\t\t<div class=\"elementor-widget-container\">\n\t\t\t\t\t\t\t\t\t<p>De conformidad con lo establecido en la normativa vigente y aplicable en Protecci\u00f3n de Datos de Car\u00e1cter Personal (RGPD) y la Ley 34\/2002, de 11 de julio, de Servicios de la Sociedad de la Informaci\u00f3n y de Comercio Electr\u00f3nico (LSSI-CE), Arturo Hern\u00e1ndez Parre\u00f1o informa a los usuarios, que ha procedido a crear un perfil en las Redes Sociales Facebook, Twitter e Instagram con la finalidad principal de publicitar sus productos y servicios.<\/p><p>Datos de Arturo Hern\u00e1ndez Parre\u00f1o:<\/p><p>CORREO ELECTR\u00d3NICO: arturohernandezparreno@gmail.com<\/p><p>DOMINIO WEB: www.arturohernandezparre\u00f1o.es<\/p><p>El usuario dispone de un perfil en la misma Red Social y ha decidido unirse a la p\u00e1gina creada por Arturo Hern\u00e1ndez Parre\u00f1o, mostrando as\u00ed inter\u00e9s en la informaci\u00f3n que se publicite en la Red. Al unirse a nuestra p\u00e1gina, nos facilita su consentimiento para el tratamiento de aquellos datos personales publicados en su perfil.<\/p><p>El usuario puede acceder en todo momento a las pol\u00edticas de privacidad de la propia Red Social, as\u00ed como configurar su perfil para garantizar su privacidad.<\/p><p>Arturo Hern\u00e1ndez Parre\u00f1o tiene acceso y trata aquella informaci\u00f3n p\u00fablica del usuario, en especial, su nombre de contacto. Estos datos, s\u00f3lo son utilizados dentro de la propia Red Social. No son incorporados a ning\u00fan sistema de tratamiento.<\/p><p>En relaci\u00f3n a los derechos de acceso, rectificaci\u00f3n, limitaci\u00f3n de tratamiento, supresi\u00f3n, portabilidad y oposici\u00f3n al tratamiento de sus datos de car\u00e1cter personal de los que usted dispone y que pueden ser ejercitados ante Arturo Hern\u00e1ndez Parre\u00f1o, de acuerdo con la RGPD, debe tener en cuenta los siguientes matices:<\/p><p>Derecho de Acceso: Es el derecho del usuario a obtener informaci\u00f3n sobre sus datos concretos de car\u00e1cter personal y del tratamiento que se haya realizado o realice, as\u00ed como de la informaci\u00f3n disponible sobre el origen de dichos datos y las comunicaciones realizadas o previstas de los mismos.<\/p><p>Derecho de Rectificaci\u00f3n: Es el derecho del afectado a que se modifiquen los datos que resulten ser inexactos o incompletos. S\u00f3lo podr\u00e1 satisfacerse en relaci\u00f3n a aquella informaci\u00f3n que se encuentre bajo el control de Arturo Hern\u00e1ndez Parre\u00f1o, por ejemplo, eliminar comentarios publicados en la propia p\u00e1gina, im\u00e1genes o contenidos web donde consten datos de car\u00e1cter personal del usuario.<\/p><p>Derecho a la Limitaci\u00f3n de tratamiento: Es el derecho a que se limiten los fines del tratamiento previstos de forma original por el responsable del tratamiento.<\/p><p>Derecho de Supresi\u00f3n: Es el derecho a suprimir los datos de car\u00e1cter personal del usuario, a excepci\u00f3n de lo previsto en el propio RGPD o en otras normativas aplicables que determinen la obligatoriedad de la conservaci\u00f3n de los mismos, en tiempo y forma.<\/p><p>Derecho de portabilidad: El derecho a recibir los datos personales que el usuario, haya facilitado, en un formato estructurado, de uso com\u00fan y lectura mec\u00e1nica, y a transmitirlos a otro responsable.<\/p><p>Derecho de Oposici\u00f3n: Es el derecho del usuario a que no se lleve a cabo el tratamiento de sus datos de car\u00e1cter personal o se cese el tratamiento de los mismos por parte de Arturo Hern\u00e1ndez Parre\u00f1o.<\/p><p>Arturo Hern\u00e1ndez Parre\u00f1o realizar\u00e1 las siguientes actuaciones:<\/p><p>Acceso a la informaci\u00f3n p\u00fablica del perfil.<\/p><p>Publicaci\u00f3n en el perfil del usuario de toda aquella informaci\u00f3n ya publicada en la p\u00e1gina de Arturo Hern\u00e1ndez Parre\u00f1o.<\/p><p>Enviar mensajes personales e individuales a trav\u00e9s de los canales de la Red Social.<\/p><p>Actualizaciones del estado de la p\u00e1gina que se publicar\u00e1n en el perfil del usuario.<\/p><p>El usuario siempre puede controlar sus conexiones, eliminar los contenidos que dejen de interesarle y restringir con qui\u00e9n comparte sus conexiones, para ello deber\u00e1 acceder a su configuraci\u00f3n de privacidad.<\/p><p><strong>Publicaciones<\/strong><\/p><p>El usuario, una vez unido a la p\u00e1gina de Arturo Hern\u00e1ndez Parre\u00f1o, podr\u00e1 publicar en \u00e9sta \u00faltima comentarios, enlaces, im\u00e1genes o fotograf\u00edas o cualquier otro tipo de contenido multimedia soportado por la Red Social. El usuario, en todos los casos, debe ser el titular de los mismos, gozar de los derechos de autor y de propiedad intelectual o contar con el consentimiento de los terceros afectados. Se proh\u00edbe expresamente cualquier publicaci\u00f3n en la p\u00e1gina, ya sean textos, gr\u00e1ficos, fotograf\u00edas, v\u00eddeos, etc. que atenten o sean susceptibles de atentar contra la moral, la \u00e9tica, el buen gusto o el decoro, y\/o que infrinjan, violen o quebranten los derechos de propiedad intelectual o industrial, el derecho a la imagen o la Ley. En estos casos, Arturo Hern\u00e1ndez Parre\u00f1o se reserva el derecho a retirar de inmediato el contenido, pudiendo solicitar el bloqueo permanente del usuario.<\/p><p>Arturo Hern\u00e1ndez Parre\u00f1o no se har\u00e1 responsable de los contenidos que libremente ha publicado un usuario.<\/p><p>El usuario debe tener presente que sus publicaciones ser\u00e1n conocidas por los otros usuarios, por lo que \u00e9l mismo es el principal responsable de su privacidad.<\/p><p>Las im\u00e1genes que puedan publicarse en la p\u00e1gina no ser\u00e1n almacenadas en ning\u00fan sistema de tratamiento por parte de Arturo Hern\u00e1ndez Parre\u00f1o, pero s\u00ed que permanecer\u00e1n en la Red Social.<\/p><p><strong>Concursos y promociones<\/strong><\/p><p>Arturo Hern\u00e1ndez Parre\u00f1o se reserva el derecho a realizar concursos y promociones, en los que podr\u00e1 participar el usuario unido a su p\u00e1gina. Las bases de cada uno de ellos, cuando se utilice para ello la plataforma de la Red Social, ser\u00e1n publicadas en la misma. Cumpliendo siempre con la LSSI-CE y con cualquier otra norma que le sea de aplicaci\u00f3n.<\/p><p>La Red Social no patrocina, avala ni administra, de modo alguno, ninguna de nuestras promociones, ni est\u00e1 asociada a ninguna de ellas.<\/p><p><strong>Publicidad<\/strong><\/p><p>Arturo Hern\u00e1ndez Parre\u00f1o utilizar\u00e1 la Red Social para publicitar sus productos y servicios, en todo caso, si decide tratar sus datos de contacto para realizar acciones directas de prospecci\u00f3n comercial, ser\u00e1 siempre, cumpliendo con las exigencias legales de la RGPD y de la LSSI-CE.<\/p><p>No se considerar\u00e1 publicidad el hecho de recomendar a otros usuarios la p\u00e1gina de Arturo Hern\u00e1ndez Parre\u00f1o para que tambi\u00e9n ellos puedan disfrutar de las promociones o estar informados de su actividad.<\/p><p>A continuaci\u00f3n, detallamos el enlace a la pol\u00edtica de privacidad de la Red Social:<\/p><p>Facebook: <a href=\"https:\/\/www.facebook.com\/help\/323540651073243\/\">ver aqu\u00ed<\/a><\/p><p>Twitter: <a href=\"https:\/\/twitter.com\/es\/privacy\">ver aqu\u00ed<\/a><\/p><p>Instagram: <a href=\"https:\/\/help.instagram.com\/519522125107875\">Ver aqu\u00ed<\/a><\/p>\t\t\t\t\t\t\t\t<\/div>\n\t\t\t\t<\/div>\n\t\t\t\t\t<\/div>\n\t\t\t\t<\/div>\n\t\t\t\t<\/div>","protected":false},"excerpt":{"rendered":"<p>Pol\u00edtica de privacidad en RRSS De conformidad con lo establecido en la normativa vigente y aplicable en Protecci\u00f3n de Datos de Car\u00e1cter Personal (RGPD) y la Ley 34\/2002, de 11 de julio, de Servicios de la Sociedad de la Informaci\u00f3n y de Comercio Electr\u00f3nico (LSSI-CE), Arturo Hern\u00e1ndez Parre\u00f1o informa a los usuarios, que ha procedido&hellip;&nbsp;<a href=\"https:\/\/xn--arturohernandezparreo-vbc.es\/en\/politica-de-privacidad-en-rrss\/\" rel=\"bookmark\">Read More &raquo;<span class=\"screen-reader-text\">Pol\u00edtica de privacidad en RRSS<\/span><\/a><\/p>","protected":false},"author":1,"featured_media":0,"parent":0,"menu_order":0,"comment_status":"closed","ping_status":"closed","template":"page-templates\/template-pagebuilder-full-width.php","meta":{"neve_meta_sidebar":"","neve_meta_container":"","neve_meta_enable_content_width":"","neve_meta_content_width":0,"neve_meta_title_alignment":"","neve_meta_author_avatar":"","neve_post_elements_order":"","neve_meta_disable_header":"","neve_meta_disable_footer":"","neve_meta_disable_title":"","footnotes":""},"class_list":["post-302","page","type-page","status-publish","hentry"],"yoast_head":"<!-- This site is optimized with the Yoast SEO plugin v27.5 - https:\/\/yoast.com\/product\/yoast-seo-wordpress\/ -->\n<title>Pol\u00edtica de privacidad en RRSS - Arturo Hern\u00e1ndez Parre\u00f1o<\/title>\n<meta name=\"robots\" content=\"noindex, nofollow\" \/>\n<meta property=\"og:locale\" content=\"en_GB\" \/>\n<meta property=\"og:type\" content=\"article\" \/>\n<meta property=\"og:title\" content=\"Pol\u00edtica de privacidad en RRSS - Arturo Hern\u00e1ndez Parre\u00f1o\" \/>\n<meta property=\"og:description\" content=\"Pol\u00edtica de privacidad en RRSS De conformidad con lo establecido en la normativa vigente y aplicable en Protecci\u00f3n de Datos de Car\u00e1cter Personal (RGPD) y la Ley 34\/2002, de 11 de julio, de Servicios de la Sociedad de la Informaci\u00f3n y de Comercio Electr\u00f3nico (LSSI-CE), Arturo Hern\u00e1ndez Parre\u00f1o informa a los usuarios, que ha procedido&hellip;&nbsp;Read More &raquo;Pol\u00edtica de privacidad en RRSS\" \/>\n<meta property=\"og:url\" content=\"https:\/\/xn--arturohernandezparreo-vbc.es\/en\/politica-de-privacidad-en-rrss\/\" \/>\n<meta property=\"og:site_name\" content=\"Arturo Hern\u00e1ndez Parre\u00f1o\" \/>\n<meta property=\"article:modified_time\" content=\"2024-07-09T21:28:38+00:00\" \/>\n<meta name=\"twitter:card\" content=\"summary_large_image\" \/>\n<meta name=\"twitter:label1\" content=\"Estimated reading time\" \/>\n\t<meta name=\"twitter:data1\" content=\"5 minutes\" \/>\n<script type=\"application\/ld+json\" class=\"yoast-schema-graph\">{\"@context\":\"https:\\\/\\\/schema.org\",\"@graph\":[{\"@type\":\"WebPage\",\"@id\":\"https:\\\/\\\/xn--arturohernandezparreo-vbc.es\\\/politica-de-privacidad-en-rrss\\\/\",\"url\":\"https:\\\/\\\/xn--arturohernandezparreo-vbc.es\\\/politica-de-privacidad-en-rrss\\\/\",\"name\":\"Pol\u00edtica de privacidad en RRSS - Arturo Hern\u00e1ndez Parre\u00f1o\",\"isPartOf\":{\"@id\":\"https:\\\/\\\/xn--arturohernandezparreo-vbc.es\\\/#website\"},\"datePublished\":\"2024-07-09T21:25:01+00:00\",\"dateModified\":\"2024-07-09T21:28:38+00:00\",\"breadcrumb\":{\"@id\":\"https:\\\/\\\/xn--arturohernandezparreo-vbc.es\\\/politica-de-privacidad-en-rrss\\\/#breadcrumb\"},\"inLanguage\":\"en-GB\",\"potentialAction\":[{\"@type\":\"ReadAction\",\"target\":[\"https:\\\/\\\/xn--arturohernandezparreo-vbc.es\\\/politica-de-privacidad-en-rrss\\\/\"]}]},{\"@type\":\"BreadcrumbList\",\"@id\":\"https:\\\/\\\/xn--arturohernandezparreo-vbc.es\\\/politica-de-privacidad-en-rrss\\\/#breadcrumb\",\"itemListElement\":[{\"@type\":\"ListItem\",\"position\":1,\"name\":\"Portada\",\"item\":\"https:\\\/\\\/xn--arturohernandezparreo-vbc.es\\\/\"},{\"@type\":\"ListItem\",\"position\":2,\"name\":\"Pol\u00edtica de privacidad en RRSS\"}]},{\"@type\":\"WebSite\",\"@id\":\"https:\\\/\\\/xn--arturohernandezparreo-vbc.es\\\/#website\",\"url\":\"https:\\\/\\\/xn--arturohernandezparreo-vbc.es\\\/\",\"name\":\"Arturo Hern\u00e1ndez Parre\u00f1o\",\"description\":\"\",\"potentialAction\":[{\"@type\":\"SearchAction\",\"target\":{\"@type\":\"EntryPoint\",\"urlTemplate\":\"https:\\\/\\\/xn--arturohernandezparreo-vbc.es\\\/?s={search_term_string}\"},\"query-input\":{\"@type\":\"PropertyValueSpecification\",\"valueRequired\":true,\"valueName\":\"search_term_string\"}}],\"inLanguage\":\"en-GB\"}]}<\/script>\n<!-- \/ Yoast SEO plugin. -->","yoast_head_json":{"title":"Pol\u00edtica de privacidad en RRSS - Arturo Hern\u00e1ndez Parre\u00f1o","robots":{"index":"noindex","follow":"nofollow"},"og_locale":"en_GB","og_type":"article","og_title":"Pol\u00edtica de privacidad en RRSS - Arturo Hern\u00e1ndez Parre\u00f1o","og_description":"Pol\u00edtica de privacidad en RRSS De conformidad con lo establecido en la normativa vigente y aplicable en Protecci\u00f3n de Datos de Car\u00e1cter Personal (RGPD) y la Ley 34\/2002, de 11 de julio, de Servicios de la Sociedad de la Informaci\u00f3n y de Comercio Electr\u00f3nico (LSSI-CE), Arturo Hern\u00e1ndez Parre\u00f1o informa a los usuarios, que ha procedido&hellip;&nbsp;Read More &raquo;Pol\u00edtica de privacidad en RRSS","og_url":"https:\/\/xn--arturohernandezparreo-vbc.es\/en\/politica-de-privacidad-en-rrss\/","og_site_name":"Arturo Hern\u00e1ndez Parre\u00f1o","article_modified_time":"2024-07-09T21:28:38+00:00","twitter_card":"summary_large_image","twitter_misc":{"Estimated reading time":"5 minutes"},"schema":{"@context":"https:\/\/schema.org","@graph":[{"@type":"WebPage","@id":"https:\/\/xn--arturohernandezparreo-vbc.es\/politica-de-privacidad-en-rrss\/","url":"https:\/\/xn--arturohernandezparreo-vbc.es\/politica-de-privacidad-en-rrss\/","name":"Pol\u00edtica de privacidad en RRSS - Arturo Hern\u00e1ndez Parre\u00f1o","isPartOf":{"@id":"https:\/\/xn--arturohernandezparreo-vbc.es\/#website"},"datePublished":"2024-07-09T21:25:01+00:00","dateModified":"2024-07-09T21:28:38+00:00","breadcrumb":{"@id":"https:\/\/xn--arturohernandezparreo-vbc.es\/politica-de-privacidad-en-rrss\/#breadcrumb"},"inLanguage":"en-GB","potentialAction":[{"@type":"ReadAction","target":["https:\/\/xn--arturohernandezparreo-vbc.es\/politica-de-privacidad-en-rrss\/"]}]},{"@type":"BreadcrumbList","@id":"https:\/\/xn--arturohernandezparreo-vbc.es\/politica-de-privacidad-en-rrss\/#breadcrumb","itemListElement":[{"@type":"ListItem","position":1,"name":"Portada","item":"https:\/\/xn--arturohernandezparreo-vbc.es\/"},{"@type":"ListItem","position":2,"name":"Pol\u00edtica de privacidad en RRSS"}]},{"@type":"WebSite","@id":"https:\/\/xn--arturohernandezparreo-vbc.es\/#website","url":"https:\/\/xn--arturohernandezparreo-vbc.es\/","name":"Arturo Hern\u00e1ndez Parre\u00f1o","description":"","potentialAction":[{"@type":"SearchAction","target":{"@type":"EntryPoint","urlTemplate":"https:\/\/xn--arturohernandezparreo-vbc.es\/?s={search_term_string}"},"query-input":{"@type":"PropertyValueSpecification","valueRequired":true,"valueName":"search_term_string"}}],"inLanguage":"en-GB"}]}},"_links":{"self":[{"href":"https:\/\/xn--arturohernandezparreo-vbc.es\/en\/wp-json\/wp\/v2\/pages\/302","targetHints":{"allow":["GET"]}}],"collection":[{"href":"https:\/\/xn--arturohernandezparreo-vbc.es\/en\/wp-json\/wp\/v2\/pages"}],"about":[{"href":"https:\/\/xn--arturohernandezparreo-vbc.es\/en\/wp-json\/wp\/v2\/types\/page"}],"author":[{"embeddable":true,"href":"https:\/\/xn--arturohernandezparreo-vbc.es\/en\/wp-json\/wp\/v2\/users\/1"}],"replies":[{"embeddable":true,"href":"https:\/\/xn--arturohernandezparreo-vbc.es\/en\/wp-json\/wp\/v2\/comments?post=302"}],"version-history":[{"count":4,"href":"https:\/\/xn--arturohernandezparreo-vbc.es\/en\/wp-json\/wp\/v2\/pages\/302\/revisions"}],"predecessor-version":[{"id":306,"href":"https:\/\/xn--arturohernandezparreo-vbc.es\/en\/wp-json\/wp\/v2\/pages\/302\/revisions\/306"}],"wp:attachment":[{"href":"https:\/\/xn--arturohernandezparreo-vbc.es\/en\/wp-json\/wp\/v2\/media?parent=302"}],"curies":[{"name":"wp","href":"https:\/\/api.w.org\/{rel}","templated":true}]}}